{"id":14597,"date":"2021-03-14T00:23:30","date_gmt":"2021-03-14T03:23:30","guid":{"rendered":"https:\/\/jusprev.org.br\/backup\/?page_id=14597"},"modified":"2021-03-19T10:15:06","modified_gmt":"2021-03-19T13:15:06","slug":"proposta-digital","status":"publish","type":"page","link":"https:\/\/jusprev.org.br\/backup\/proposta-digital\/","title":{"rendered":"Proposta Digital"},"content":{"rendered":"<p><strong>\u00a0PROPOSTA DIGITAL DE AUTOADES\u00c3O<\/strong><\/p>\n<h1><strong>JUSPREV &#8211; A SUA PREVID\u00caNCIA COMPLEMENTAR EM DUAS ETAPAS<\/strong><\/h1>\n<p>A <strong>Proposta Digital da JUSPREV<\/strong> \u00e9 a nova ferramenta digital que torna ainda mais f\u00e1cil a ades\u00e3o ao plano de previd\u00eancia complementar mais vantajoso para voc\u00ea e sua fam\u00edlia, o PLANJUS! Agora \u00e9 poss\u00edvel fazer uma proposta de previd\u00eancia em qualquer lugar, \u00a0com total autonomia e comodidade. Comece j\u00e1 a planejar o futuro com quem entende da sua realidade!<\/p>\n<h1><strong>A PROPOSTA DIGITAL da JUSPREV \u00e9 feita em duas etapas<\/strong>.<br \/>\nA primeira \u00e9 o preenchimento da proposta em nosso site.<\/h1>\n<p>Voc\u00ea preenche seus dados em nossa plataforma exclusiva e realiza a assinatura eletr\u00f4nica certificada.<\/p>\n<p><a href=\"https:\/\/www.jusprevcrm.com.br\/home\/view\/docdigital.php\"><img loading=\"lazy\" decoding=\"async\" class=\"alignnone wp-image-14631\" src=\"https:\/\/jusprev.org.br\/backup\/wp-content\/uploads\/2021\/03\/botao-1-site.png\" alt=\"\" width=\"220\" height=\"220\" srcset=\"https:\/\/jusprev.org.br\/backup\/wp-content\/uploads\/2021\/03\/botao-1-site.png 1080w, https:\/\/jusprev.org.br\/backup\/wp-content\/uploads\/2021\/03\/botao-1-site-300x300.png 300w, https:\/\/jusprev.org.br\/backup\/wp-content\/uploads\/2021\/03\/botao-1-site-1024x1024.png 1024w, https:\/\/jusprev.org.br\/backup\/wp-content\/uploads\/2021\/03\/botao-1-site-150x150.png 150w, https:\/\/jusprev.org.br\/backup\/wp-content\/uploads\/2021\/03\/botao-1-site-768x768.png 768w\" sizes=\"auto, (max-width: 220px) 100vw, 220px\" \/><\/a><\/p>\n<h1><strong>A segunda etapa \u00e9 a de confirma\u00e7\u00e3o dos dados preenchidos, que \u00e9 feita pela nossa equipe.<\/strong><\/h1>\n<p>Na contrata\u00e7\u00e3o da Renda Mensal Programada, a equipe da JUSPREV ir\u00e1 confirmar com a Associa\u00e7\u00e3o Instituidora o seu v\u00ednculo associativo. No caso de contrata\u00e7\u00e3o de coberturas de risco (Renda Mensal por Morte ou Renda Mensal por Invalidez), os dados\u00a0 ser\u00e3o confirmados com a seguradora.<\/p>\n<h1>Consultoria Personalizada<\/h1>\n<p>Lembramos que a qualquer momento \u00e9 poss\u00edvel solicitar o auxilio de um consultor da JUSPREV no preenchimento da proposta ou mesmo atrav\u00e9s do e-mail <a href=\"mailto:consultoria@jusprev.org.br\">consultoria@jusprev.org.br<\/a>.<\/p>\n<h1>PLANJUS para a Fam\u00edlia<\/h1>\n<p>A ades\u00e3o da JUSPREV tamb\u00e9m pode ser estendida para c\u00f4njuges e dependentes econ\u00f4micos. Aproveite e fa\u00e7a agora mesmo.<\/p>\n<p><a href=\"https:\/\/www.jusprevcrm.com.br\/home\/view\/docdigital.php\"><img loading=\"lazy\" decoding=\"async\" class=\"alignnone wp-image-14633\" src=\"https:\/\/jusprev.org.br\/backup\/wp-content\/uploads\/2021\/03\/botao-2-site.png\" alt=\"\" width=\"228\" height=\"228\" srcset=\"https:\/\/jusprev.org.br\/backup\/wp-content\/uploads\/2021\/03\/botao-2-site.png 1080w, https:\/\/jusprev.org.br\/backup\/wp-content\/uploads\/2021\/03\/botao-2-site-300x300.png 300w, https:\/\/jusprev.org.br\/backup\/wp-content\/uploads\/2021\/03\/botao-2-site-1024x1024.png 1024w, https:\/\/jusprev.org.br\/backup\/wp-content\/uploads\/2021\/03\/botao-2-site-150x150.png 150w, https:\/\/jusprev.org.br\/backup\/wp-content\/uploads\/2021\/03\/botao-2-site-768x768.png 768w\" sizes=\"auto, (max-width: 228px) 100vw, 228px\" \/><\/a><\/p>\n","protected":false},"excerpt":{"rendered":"<p>\u00a0PROPOSTA DIGITAL DE AUTOADES\u00c3O JUSPREV &#8211; A SUA PREVID\u00caNCIA COMPLEMENTAR EM DUAS ETAPAS A Proposta Digital da JUSPREV \u00e9 a nova ferramenta digital que torna ainda mais f\u00e1cil a ades\u00e3o&#8230;<\/p>\n","protected":false},"author":5,"featured_media":0,"parent":0,"menu_order":0,"comment_status":"closed","ping_status":"closed","template":"page-template-padrao.php","meta":{"footnotes":""},"class_list":["post-14597","page","type-page","status-publish","hentry"],"_links":{"self":[{"href":"https:\/\/jusprev.org.br\/backup\/wp-json\/wp\/v2\/pages\/14597","targetHints":{"allow":["GET"]}}],"collection":[{"href":"https:\/\/jusprev.org.br\/backup\/wp-json\/wp\/v2\/pages"}],"about":[{"href":"https:\/\/jusprev.org.br\/backup\/wp-json\/wp\/v2\/types\/page"}],"author":[{"embeddable":true,"href":"https:\/\/jusprev.org.br\/backup\/wp-json\/wp\/v2\/users\/5"}],"replies":[{"embeddable":true,"href":"https:\/\/jusprev.org.br\/backup\/wp-json\/wp\/v2\/comments?post=14597"}],"version-history":[{"count":23,"href":"https:\/\/jusprev.org.br\/backup\/wp-json\/wp\/v2\/pages\/14597\/revisions"}],"predecessor-version":[{"id":14634,"href":"https:\/\/jusprev.org.br\/backup\/wp-json\/wp\/v2\/pages\/14597\/revisions\/14634"}],"wp:attachment":[{"href":"https:\/\/jusprev.org.br\/backup\/wp-json\/wp\/v2\/media?parent=14597"}],"curies":[{"name":"wp","href":"https:\/\/api.w.org\/{rel}","templated":true}]}}